{"id":557,"date":"2024-08-16T11:13:37","date_gmt":"2024-08-16T08:13:37","guid":{"rendered":"https:\/\/ismaelali.net\/?page_id=557"},"modified":"2026-01-31T14:12:40","modified_gmt":"2026-01-31T11:12:40","slug":"media","status":"publish","type":"page","link":"https:\/\/ismaelali.net\/?page_id=557","title":{"rendered":"Media"},"content":{"rendered":"\n<p>Guest on Radio Zaxo on &#8220;<strong>Education Trnasformation with AI <\/strong>&#8220;.<\/p>\n\n\n<div class=\"wp-block-image\">\n<figure class=\"aligncenter size-full is-resized\"><a href=\"https:\/\/www.facebook.com\/denge.zaxo.58\/videos\/2086505705192633\"><img loading=\"lazy\" decoding=\"async\" width=\"839\" height=\"382\" src=\"https:\/\/ismaelali.net\/wp-content\/uploads\/2025\/07\/Screen-Shot-2025-07-13-at-8.30.57-PM.png\" alt=\"\" class=\"wp-image-832\" style=\"width:347px;height:auto\" srcset=\"https:\/\/ismaelali.net\/wp-content\/uploads\/2025\/07\/Screen-Shot-2025-07-13-at-8.30.57-PM.png 839w, https:\/\/ismaelali.net\/wp-content\/uploads\/2025\/07\/Screen-Shot-2025-07-13-at-8.30.57-PM-300x137.png 300w, https:\/\/ismaelali.net\/wp-content\/uploads\/2025\/07\/Screen-Shot-2025-07-13-at-8.30.57-PM-768x350.png 768w\" sizes=\"auto, (max-width: 706px) 89vw, (max-width: 767px) 82vw, 740px\" \/><\/a><\/figure>\n<\/div>\n\n\n<hr class=\"wp-block-separator has-alpha-channel-opacity\"\/>\n\n\n\n<p>Part of the TV Report of (Kurdistan TV) on &#8220;<strong>Social Media Abuse<\/strong>&#8220;.<\/p>\n\n\n\n<figure class=\"wp-block-embed is-type-video is-provider-youtube wp-block-embed-youtube wp-embed-aspect-16-9 wp-has-aspect-ratio\"><div class=\"wp-block-embed__wrapper\">\n<iframe loading=\"lazy\" title=\"\u0695\u0627\u067e\u0648\u0631\u062a\u0627 \u062e\u0631\u0627\u0628 \u0628\u06a9\u0627\u0631\u0626\u06cc\u0646\u0627\u0646\u0627 \u062a\u0648\u0631\u06ce\u0646 \u06a9\u0648\u0645\u06d5\u0644\u0627\u06cc\u06d5\u062a\u06cc\" width=\"525\" height=\"295\" src=\"https:\/\/www.youtube.com\/embed\/OYvtVwoIAhU?feature=oembed\" frameborder=\"0\" allow=\"accelerometer; autoplay; clipboard-write; encrypted-media; gyroscope; picture-in-picture; web-share\" referrerpolicy=\"strict-origin-when-cross-origin\" allowfullscreen><\/iframe>\n<\/div><\/figure>\n\n\n\n<hr class=\"wp-block-separator has-alpha-channel-opacity\"\/>\n\n\n\n<hr class=\"wp-block-separator has-alpha-channel-opacity\"\/>\n\n\n\n<p>On TV show of WAAR TV, talking about the &#8220;<strong>AI: Challenges Opportunities and What Should be Done?<\/strong>&#8220;<\/p>\n\n\n\n<figure class=\"wp-block-embed is-type-video is-provider-youtube wp-block-embed-youtube wp-embed-aspect-16-9 wp-has-aspect-ratio\"><div class=\"wp-block-embed__wrapper\">\n<iframe loading=\"lazy\" title=\"D\u00eedara Taybet - J\u00eer\u00eeya Destkird | \u062f\u06cc\u062f\u0627\u0631\u0627 \u062a\u0627\u06cc\u0628\u06d5\u062a - \u0698\u06cc\u0631\u06cc\u06cc\u0627 \u062f\u06d5\u0633\u062a\u06a9\u0631\u062f\" width=\"525\" height=\"295\" src=\"https:\/\/www.youtube.com\/embed\/jwMDHWwol_Y?feature=oembed\" frameborder=\"0\" allow=\"accelerometer; autoplay; clipboard-write; encrypted-media; gyroscope; picture-in-picture; web-share\" referrerpolicy=\"strict-origin-when-cross-origin\" allowfullscreen><\/iframe>\n<\/div><\/figure>\n\n\n\n<hr class=\"wp-block-separator has-alpha-channel-opacity\"\/>\n\n\n\n<ul class=\"wp-block-list\">\n<li>On RUDAW Economics News Hour, talking about the &#8220;<strong>Effects of AI on the Economics of Kurdistan Region<\/strong>&#8220;<\/li>\n<\/ul>\n\n\n<div class=\"wp-block-image\">\n<figure class=\"aligncenter size-full is-resized\"><img loading=\"lazy\" decoding=\"async\" width=\"1025\" height=\"727\" src=\"https:\/\/ismaelali.net\/wp-content\/uploads\/2024\/08\/353732396_6807100495967641_6382628765197856859_n.jpg\" alt=\"\" class=\"wp-image-562\" style=\"width:517px;height:auto\" srcset=\"https:\/\/ismaelali.net\/wp-content\/uploads\/2024\/08\/353732396_6807100495967641_6382628765197856859_n.jpg 1025w, https:\/\/ismaelali.net\/wp-content\/uploads\/2024\/08\/353732396_6807100495967641_6382628765197856859_n-300x213.jpg 300w, https:\/\/ismaelali.net\/wp-content\/uploads\/2024\/08\/353732396_6807100495967641_6382628765197856859_n-768x545.jpg 768w\" sizes=\"auto, (max-width: 706px) 89vw, (max-width: 767px) 82vw, 740px\" \/><\/figure>\n<\/div>\n\n\n<hr class=\"wp-block-separator has-alpha-channel-opacity\"\/>\n\n\n\n<ul class=\"wp-block-list\">\n<li>On TV show of WAAR TV, talking about the &#8220;<strong>AI and the Future of Humanity<\/strong>&#8220;<\/li>\n<\/ul>\n\n\n\n<figure class=\"wp-block-embed is-type-video is-provider-youtube wp-block-embed-youtube wp-embed-aspect-16-9 wp-has-aspect-ratio\"><div class=\"wp-block-embed__wrapper\">\n<iframe loading=\"lazy\" title=\"Tevn - J\u00eer\u00eeya Destkird | \u062a\u06d5\u06a4\u0646 - \u0698\u06cc\u0631\u06cc\u06cc\u0627 \u062f\u06d5\u0633\u062a\u0643\u0631\u062f\" width=\"525\" height=\"295\" src=\"https:\/\/www.youtube.com\/embed\/awMH2_YGqVc?feature=oembed\" frameborder=\"0\" allow=\"accelerometer; autoplay; clipboard-write; encrypted-media; gyroscope; picture-in-picture; web-share\" referrerpolicy=\"strict-origin-when-cross-origin\" allowfullscreen><\/iframe>\n<\/div><\/figure>\n\n\n\n<hr class=\"wp-block-separator has-alpha-channel-opacity\"\/>\n\n\n\n<p>Guest on Delal Media Podcast on <strong>&#8220;What is AI, after all? <\/strong>&#8220;.<\/p>\n\n\n\n<figure class=\"wp-block-embed is-type-video is-provider-youtube wp-block-embed-youtube wp-embed-aspect-16-9 wp-has-aspect-ratio\"><div class=\"wp-block-embed__wrapper\">\n<iframe loading=\"lazy\" title=\"\u062e\u06d5\u0644\u06d5\u06a9\u0627 \u0633\u06cc\u06ce \u067e\u06c6\u062f\u06a9\u0627\u0633\u062a\u0627 \u062f\u06d5\u0644\u0627\u0644\" width=\"525\" height=\"295\" src=\"https:\/\/www.youtube.com\/embed\/o37-7nsxlv0?feature=oembed\" frameborder=\"0\" allow=\"accelerometer; autoplay; clipboard-write; encrypted-media; gyroscope; picture-in-picture; web-share\" referrerpolicy=\"strict-origin-when-cross-origin\" allowfullscreen><\/iframe>\n<\/div><\/figure>\n\n\n\n<hr class=\"wp-block-separator has-alpha-channel-opacity\"\/>\n\n\n\n<p><\/p>\n","protected":false},"excerpt":{"rendered":"<p>Guest on Radio Zaxo on &#8220;Education Trnasformation with AI &#8220;. Part of the TV Report of (Kurdistan TV) on &#8220;Social Media Abuse&#8220;. On TV show of WAAR TV, talking about the &#8220;AI: Challenges Opportunities and What Should be Done?&#8220; Guest on Delal Media Podcast on &#8220;What is AI, after all? &#8220;.<\/p>\n","protected":false},"author":6,"featured_media":940,"parent":0,"menu_order":0,"comment_status":"closed","ping_status":"closed","template":"","meta":{"footnotes":""},"class_list":["post-557","page","type-page","status-publish","has-post-thumbnail","hentry"],"_links":{"self":[{"href":"https:\/\/ismaelali.net\/index.php?rest_route=\/wp\/v2\/pages\/557","targetHints":{"allow":["GET"]}}],"collection":[{"href":"https:\/\/ismaelali.net\/index.php?rest_route=\/wp\/v2\/pages"}],"about":[{"href":"https:\/\/ismaelali.net\/index.php?rest_route=\/wp\/v2\/types\/page"}],"author":[{"embeddable":true,"href":"https:\/\/ismaelali.net\/index.php?rest_route=\/wp\/v2\/users\/6"}],"replies":[{"embeddable":true,"href":"https:\/\/ismaelali.net\/index.php?rest_route=%2Fwp%2Fv2%2Fcomments&post=557"}],"version-history":[{"count":9,"href":"https:\/\/ismaelali.net\/index.php?rest_route=\/wp\/v2\/pages\/557\/revisions"}],"predecessor-version":[{"id":870,"href":"https:\/\/ismaelali.net\/index.php?rest_route=\/wp\/v2\/pages\/557\/revisions\/870"}],"wp:featuredmedia":[{"embeddable":true,"href":"https:\/\/ismaelali.net\/index.php?rest_route=\/wp\/v2\/media\/940"}],"wp:attachment":[{"href":"https:\/\/ismaelali.net\/index.php?rest_route=%2Fwp%2Fv2%2Fmedia&parent=557"}],"curies":[{"name":"wp","href":"https:\/\/api.w.org\/{rel}","templated":true}]}}